{"id":60,"date":"2016-05-02T23:58:12","date_gmt":"2016-05-02T21:58:12","guid":{"rendered":"http:\/\/apartmaji-tajcr.si\/?page_id=60"},"modified":"2025-05-19T16:14:44","modified_gmt":"2025-05-19T14:14:44","slug":"kje-smo","status":"publish","type":"page","link":"https:\/\/apartmaji-tajcr.si\/en\/kje-smo\/","title":{"rendered":"Location"},"content":{"rendered":"<\/p>\n\n\n<p class=\"location_txt\">Selfstanding house with accomodation is situated in a peaceful and green location, 500m from center of Bovec.<\/p>\n\n\n\n<p>When you arrive in Bovec (by the petrol station) you countinue along the main road. After 500m you go by 3 small apartment buildings, after them is the wooden sign with <em>Apartmaji 44<\/em>. There you turn right. After 50m you arrive to a big parking place.<\/p>\n\n\n\n<p>Heading off from Ljubljana, the shortest way to reach Bovec would be to cross Gorenjska, pass Kranjska Gora and Rate\u010de to enter Italy and turn left before Tarvisio (a well marked crossing). You will reach Bovec by passing through Predel.<\/p>\n\n\n\n<p>Few websites, where you will get an image and useful information about our area:<\/p>\n\n\n\n<ul class=\"wp-block-list\">\n<li><a href=\"http:\/\/www.bovec.si\/eng\/\">www.bovec.si<\/a>,<\/li>\n\n\n\n<li><a href=\"http:\/\/www.tnp.si\/national_park\/\">www.tnp.si<\/a>,<\/li>\n\n\n\n<li><a href=\"http:\/\/www.potmiru.si\/eng\/\">www.potmiru.si<\/a><\/li>\n\n\n\n<li><a href=\"http:\/\/www.sportmix.si\/index.php?lang=en\">www.sportmix.si<\/a><\/li>\n\n\n\n<li><a href=\"http:\/\/www.bovec.org\">www.bovec.org<\/a><\/li>\n<\/ul>\n\n\n\n<p><b>AIRPORTS<\/b><\/p>\n\n\n\n<figure class=\"wp-block-table\"><table><thead><tr><th>airport<\/th><th>distance<\/th><th>time<\/th><\/tr><\/thead><tbody><tr><td>Letali\u0161\u010de Jo\u017eeta Pu\u010dnika &#8211; Ljubljana (SI)<\/td><td>112 km<\/td><td>approx. 1 h 45 min<\/td><\/tr><tr><td>Celovec \/ Klagenfurt (AT)<\/td><td>100 km<\/td><td>approx. 1 h 15 min<\/td><\/tr><tr><td>Treviso (IT)<\/td><td>190 km<\/td><td>approx. 2 h 30 min<\/td><\/tr><tr><td>Venice Marco Polo (IT)<\/td><td>180 km<\/td><td>approx. 2 h 10 min<\/td><\/tr><tr><td>Ronchi &#8211; Trieste (IT)<\/td><td>87 km<\/td><td>approx. 1 h 40 min<\/td><\/tr><tr><td>Zagreb (HR)<\/td><td>280 km<\/td><td>approx. 3 h 20 min<\/td><\/tr><\/tbody><\/table><\/figure>\n\n\n\n<p><b>RAILWAY STATIONS<\/b><\/p>\n\n\n\n<figure class=\"wp-block-table\"><table><thead><tr><th>railway station<\/th><th>distance<\/th><th>time<\/th><\/tr><\/thead><tbody><tr><td>Most na So\u010di (SI)<\/td><td>44 km<\/td><td>approx. 45 min<\/td><\/tr><tr><td>Tarvisio Boscoverde (IT)<\/td><td>31 km<\/td><td>approx. 35 min<\/td><\/tr><tr><td>Udine (IT)<\/td><td>65 km<\/td><td>approx. 1 h 15 min<\/td><\/tr><tr><td>Villach (AT)<\/td><td>60 km<\/td><td>approx. 1 h<\/td><\/tr><tr><td>Jesenice (SI)<\/td><td>70 km<\/td><td>approx. 1 h 10 min<\/td><\/tr><\/tbody><\/table><\/figure>\n\n\n\n<div style=\"height:100px\" aria-hidden=\"true\" class=\"wp-block-spacer\"><\/div>\n\n\n\n<div class=\"wp-block-webfactory-map\"><div class=\"wp-block-webfactory-map\"><iframe loading=\"lazy\" width=\"100%\" height=\"300px\" src=\"https:\/\/www.google.com\/maps\/embed\/v1\/place?q=Brdo%2044%205230%20Bovec&amp;maptype=roadmap&amp;zoom=10&amp;key=AIzaSyAjyDspiPfzEfjRSS5fQzm-3jHFjHxeXB4\" frameborder=\"0\"><\/iframe><\/div><\/div>\n\n\n<p>","protected":false},"excerpt":{"rendered":"<p>Selfstanding house with accomodation is situated in a peaceful and green location, 500m from center of Bovec. When you arrive in Bovec (by the petrol station) you countinue along the main road. After 500m you go by 3 small apartment buildings, after them is the wooden sign with Apartmaji 44. There you turn right. After<a href='https:\/\/apartmaji-tajcr.si\/en\/kje-smo\/'> &nbsp;[ &#8230; ] <\/a><\/p>\n","protected":false},"author":2,"featured_media":0,"parent":0,"menu_order":0,"comment_status":"closed","ping_status":"closed","template":"","meta":{"_acf_changed":false,"footnotes":""},"class_list":["post-60","page","type-page","status-publish","hentry"],"translation":{"provider":"WPGlobus","version":"3.0.2","language":"en","enabled_languages":["sl","en"],"languages":{"sl":{"title":true,"content":true,"excerpt":false},"en":{"title":true,"content":true,"excerpt":false}}},"acf":[],"yoast_head":"<!-- This site is optimized with the Yoast SEO plugin v27.3 - https:\/\/yoast.com\/product\/yoast-seo-wordpress\/ -->\n<title>Location - Appartments and Rooms Taj\u010dr Bovec<\/title>\n<meta name=\"robots\" content=\"index, follow, max-snippet:-1, max-image-preview:large, max-video-preview:-1\" \/>\n<link rel=\"canonical\" href=\"https:\/\/apartmaji-tajcr.si\/kje-smo\/\" \/>\n<meta property=\"og:locale\" content=\"en_GB\" \/>\n<meta property=\"og:type\" content=\"article\" \/>\n<meta property=\"og:title\" content=\"Location - Appartments and Rooms Taj\u010dr Bovec\" \/>\n<meta property=\"og:url\" content=\"https:\/\/apartmaji-tajcr.si\/kje-smo\/\" \/>\n<meta property=\"og:site_name\" content=\"Appartments and Rooms Taj\u010dr Bovec\" \/>\n<meta property=\"article:modified_time\" content=\"2025-05-19T14:14:44+00:00\" \/>\n<meta name=\"twitter:card\" content=\"summary_large_image\" \/>\n<meta name=\"twitter:label1\" content=\"Estimated reading time\" \/>\n\t<meta name=\"twitter:data1\" content=\"3 minutes\" \/>\n<script type=\"application\/ld+json\" class=\"yoast-schema-graph\">{\"@context\":\"https:\\\/\\\/schema.org\",\"@graph\":[{\"@type\":\"WebPage\",\"@id\":\"https:\\\/\\\/apartmaji-tajcr.si\\\/kje-smo\\\/\",\"url\":\"https:\\\/\\\/apartmaji-tajcr.si\\\/kje-smo\\\/\",\"name\":\"Location - Appartments and Rooms Taj\u010dr Bovec\",\"isPartOf\":{\"@id\":\"https:\\\/\\\/apartmaji-tajcr.si\\\/en\\\/#website\"},\"datePublished\":\"2016-05-02T21:58:12+00:00\",\"dateModified\":\"2025-05-19T14:14:44+00:00\",\"breadcrumb\":{\"@id\":\"https:\\\/\\\/apartmaji-tajcr.si\\\/kje-smo\\\/#breadcrumb\"},\"inLanguage\":\"en-GB\",\"potentialAction\":[{\"@type\":\"ReadAction\",\"target\":[\"https:\\\/\\\/apartmaji-tajcr.si\\\/kje-smo\\\/\"]}]},{\"@type\":\"BreadcrumbList\",\"@id\":\"https:\\\/\\\/apartmaji-tajcr.si\\\/kje-smo\\\/#breadcrumb\",\"itemListElement\":[{\"@type\":\"ListItem\",\"position\":1,\"name\":\"Home\",\"item\":\"https:\\\/\\\/apartmaji-tajcr.si\\\/\"},{\"@type\":\"ListItem\",\"position\":2,\"name\":\"Kje smo\"}]},{\"@type\":\"WebSite\",\"@id\":\"https:\\\/\\\/apartmaji-tajcr.si\\\/en\\\/#website\",\"url\":\"https:\\\/\\\/apartmaji-tajcr.si\\\/en\\\/\",\"name\":\"Appartments and Rooms Taj\u010dr Bovec\",\"description\":\"\",\"potentialAction\":[{\"@type\":\"SearchAction\",\"target\":{\"@type\":\"EntryPoint\",\"urlTemplate\":\"https:\\\/\\\/apartmaji-tajcr.si\\\/en\\\/?s={search_term_string}\"},\"query-input\":{\"@type\":\"PropertyValueSpecification\",\"valueRequired\":true,\"valueName\":\"search_term_string\"}}],\"inLanguage\":\"en-GB\"}]}<\/script>\n<!-- \/ Yoast SEO plugin. -->","yoast_head_json":{"title":"Location - Appartments and Rooms Taj\u010dr Bovec","robots":{"index":"index","follow":"follow","max-snippet":"max-snippet:-1","max-image-preview":"max-image-preview:large","max-video-preview":"max-video-preview:-1"},"canonical":"https:\/\/apartmaji-tajcr.si\/kje-smo\/","og_locale":"en_GB","og_type":"article","og_title":"Location - Appartments and Rooms Taj\u010dr Bovec","og_url":"https:\/\/apartmaji-tajcr.si\/kje-smo\/","og_site_name":"Appartments and Rooms Taj\u010dr Bovec","article_modified_time":"2025-05-19T14:14:44+00:00","twitter_card":"summary_large_image","twitter_misc":{"Estimated reading time":"3 minutes"},"schema":{"@context":"https:\/\/schema.org","@graph":[{"@type":"WebPage","@id":"https:\/\/apartmaji-tajcr.si\/kje-smo\/","url":"https:\/\/apartmaji-tajcr.si\/kje-smo\/","name":"Location - Appartments and Rooms Taj\u010dr Bovec","isPartOf":{"@id":"https:\/\/apartmaji-tajcr.si\/en\/#website"},"datePublished":"2016-05-02T21:58:12+00:00","dateModified":"2025-05-19T14:14:44+00:00","breadcrumb":{"@id":"https:\/\/apartmaji-tajcr.si\/kje-smo\/#breadcrumb"},"inLanguage":"en-GB","potentialAction":[{"@type":"ReadAction","target":["https:\/\/apartmaji-tajcr.si\/kje-smo\/"]}]},{"@type":"BreadcrumbList","@id":"https:\/\/apartmaji-tajcr.si\/kje-smo\/#breadcrumb","itemListElement":[{"@type":"ListItem","position":1,"name":"Home","item":"https:\/\/apartmaji-tajcr.si\/"},{"@type":"ListItem","position":2,"name":"Kje smo"}]},{"@type":"WebSite","@id":"https:\/\/apartmaji-tajcr.si\/en\/#website","url":"https:\/\/apartmaji-tajcr.si\/en\/","name":"Appartments and Rooms Taj\u010dr Bovec","description":"","potentialAction":[{"@type":"SearchAction","target":{"@type":"EntryPoint","urlTemplate":"https:\/\/apartmaji-tajcr.si\/en\/?s={search_term_string}"},"query-input":{"@type":"PropertyValueSpecification","valueRequired":true,"valueName":"search_term_string"}}],"inLanguage":"en-GB"}]}},"_links":{"self":[{"href":"https:\/\/apartmaji-tajcr.si\/en\/wp-json\/wp\/v2\/pages\/60","targetHints":{"allow":["GET"]}}],"collection":[{"href":"https:\/\/apartmaji-tajcr.si\/en\/wp-json\/wp\/v2\/pages"}],"about":[{"href":"https:\/\/apartmaji-tajcr.si\/en\/wp-json\/wp\/v2\/types\/page"}],"author":[{"embeddable":true,"href":"https:\/\/apartmaji-tajcr.si\/en\/wp-json\/wp\/v2\/users\/2"}],"replies":[{"embeddable":true,"href":"https:\/\/apartmaji-tajcr.si\/en\/wp-json\/wp\/v2\/comments?post=60"}],"version-history":[{"count":10,"href":"https:\/\/apartmaji-tajcr.si\/en\/wp-json\/wp\/v2\/pages\/60\/revisions"}],"predecessor-version":[{"id":630,"href":"https:\/\/apartmaji-tajcr.si\/en\/wp-json\/wp\/v2\/pages\/60\/revisions\/630"}],"wp:attachment":[{"href":"https:\/\/apartmaji-tajcr.si\/en\/wp-json\/wp\/v2\/media?parent=60"}],"curies":[{"name":"wp","href":"https:\/\/api.w.org\/{rel}","templated":true}]}}