{"id":7,"date":"2016-05-02T21:41:25","date_gmt":"2016-05-02T19:41:25","guid":{"rendered":"http:\/\/apartmaji-tajcr.si\/?page_id=7"},"modified":"2025-05-19T16:19:03","modified_gmt":"2025-05-19T14:19:03","slug":"o-nas","status":"publish","type":"page","link":"https:\/\/apartmaji-tajcr.si\/en\/","title":{"rendered":"About us"},"content":{"rendered":"<p style=\"text-align: center;\">We are the Zor\u010d family, with house name Tajcr (house names are Bovec heritage particularities, still in use).<\/p>\n<p style=\"text-align: center;\">In accommodation house we offer you:<\/p>\n<h1 style=\"text-align: center;\"><strong>3 APARTMENTS ***\/****<\/strong><\/h1>\n<h1 style=\"text-align: center;\"><strong>2 ROOMS ***<\/strong><\/h1>\n<p style=\"text-align: center;\">Peaceful and green surrounding with a view on the mountains, \u00a0a parking space, an orchard and garden with furniture, close to the centre (500m).<\/p>\n<p style=\"text-align: center;\">We asure you a comfort and relaxation during your stay. In this way you can recharge your batteries for wandering and discovering in our beautiful So\u010da valley.<\/p>\n<h1 style=\"text-align: center;\"><strong><span style=\"color: #33cccc;\">Sports agency<\/span> <a href=\"http:\/\/en.sportmix.si\/home.html\"><span style=\"color: #000000;\">SPORT<\/span> <span style=\"color: #ff0000;\">MIX<\/span><\/a> <span style=\"color: #33cccc;\">will make your holidays active.<\/span><\/strong><\/h1>\n<p style=\"text-align: center;\"><strong>Our guests have ensured 10% to 20% on rafting, canyoning, kayak, hydrospeed and other activities.<\/strong><\/p>\n<p style=\"text-align: center;\"><strong> We invite you to spend your Bovec vacation at our place!<\/strong><\/p>\n","protected":false},"excerpt":{"rendered":"<p>We are the Zor\u010d family, with house name Tajcr (house names are Bovec heritage particularities, still in use). In accommodation house we offer you: 3 APARTMENTS ***\/**** 2 ROOMS *** Peaceful and green surrounding with a view on the mountains, \u00a0a parking space, an orchard and garden with furniture, close to the centre (500m). We<a href='https:\/\/apartmaji-tajcr.si\/en\/'> &nbsp;[ &#8230; ] <\/a><\/p>\n","protected":false},"author":2,"featured_media":0,"parent":0,"menu_order":0,"comment_status":"closed","ping_status":"closed","template":"","meta":{"_acf_changed":false,"footnotes":""},"class_list":["post-7","page","type-page","status-publish","hentry"],"translation":{"provider":"WPGlobus","version":"3.0.2","language":"en","enabled_languages":["sl","en"],"languages":{"sl":{"title":true,"content":true,"excerpt":false},"en":{"title":true,"content":true,"excerpt":false}}},"acf":[],"yoast_head":"<!-- This site is optimized with the Yoast SEO plugin v27.4 - https:\/\/yoast.com\/product\/yoast-seo-wordpress\/ -->\n<title>Apartmaji in sobe Taj\u010dr Bovec<\/title>\n<meta name=\"robots\" content=\"index, follow, max-snippet:-1, max-image-preview:large, max-video-preview:-1\" \/>\n<link rel=\"canonical\" href=\"https:\/\/apartmaji-tajcr.si\/\" \/>\n<meta property=\"og:locale\" content=\"en_GB\" \/>\n<meta property=\"og:type\" content=\"article\" \/>\n<meta property=\"og:title\" content=\"About us - Appartments and Rooms Taj\u010dr Bovec\" \/>\n<meta property=\"og:url\" content=\"https:\/\/apartmaji-tajcr.si\/\" \/>\n<meta property=\"og:site_name\" content=\"Appartments and Rooms Taj\u010dr Bovec\" \/>\n<meta property=\"article:modified_time\" content=\"2025-05-19T14:19:03+00:00\" \/>\n<meta name=\"twitter:card\" content=\"summary_large_image\" \/>\n<meta name=\"twitter:label1\" content=\"Estimated reading time\" \/>\n\t<meta name=\"twitter:data1\" content=\"2 minutes\" \/>\n<script type=\"application\/ld+json\" class=\"yoast-schema-graph\">{\"@context\":\"https:\\\/\\\/schema.org\",\"@graph\":[{\"@type\":\"WebPage\",\"@id\":\"https:\\\/\\\/apartmaji-tajcr.si\\\/\",\"url\":\"https:\\\/\\\/apartmaji-tajcr.si\\\/\",\"name\":\"Apartmaji in sobe Taj\u010dr Bovec\",\"isPartOf\":{\"@id\":\"https:\\\/\\\/apartmaji-tajcr.si\\\/en\\\/#website\"},\"datePublished\":\"2016-05-02T19:41:25+00:00\",\"dateModified\":\"2025-05-19T14:19:03+00:00\",\"description\":\"Apartmaji in sobe na mirni in zeleni lokaciji v neposrednji bli\u017eini centra Bovca, s pogledom na okoli\u0161ke gore, primerno za potepanja po dolini So\u010de.\",\"breadcrumb\":{\"@id\":\"https:\\\/\\\/apartmaji-tajcr.si\\\/#breadcrumb\"},\"inLanguage\":\"en-GB\",\"potentialAction\":[{\"@type\":\"ReadAction\",\"target\":[\"https:\\\/\\\/apartmaji-tajcr.si\\\/\"]}]},{\"@type\":\"BreadcrumbList\",\"@id\":\"https:\\\/\\\/apartmaji-tajcr.si\\\/#breadcrumb\",\"itemListElement\":[{\"@type\":\"ListItem\",\"position\":1,\"name\":\"Home\",\"item\":\"https:\\\/\\\/apartmaji-tajcr.si\\\/\"},{\"@type\":\"ListItem\",\"position\":2,\"name\":\"O nas\"}]},{\"@type\":\"WebSite\",\"@id\":\"https:\\\/\\\/apartmaji-tajcr.si\\\/en\\\/#website\",\"url\":\"https:\\\/\\\/apartmaji-tajcr.si\\\/en\\\/\",\"name\":\"Appartments and Rooms Taj\u010dr Bovec\",\"description\":\"\",\"potentialAction\":[{\"@type\":\"SearchAction\",\"target\":{\"@type\":\"EntryPoint\",\"urlTemplate\":\"https:\\\/\\\/apartmaji-tajcr.si\\\/en\\\/?s={search_term_string}\"},\"query-input\":{\"@type\":\"PropertyValueSpecification\",\"valueRequired\":true,\"valueName\":\"search_term_string\"}}],\"inLanguage\":\"en-GB\"}]}<\/script>\n<!-- \/ Yoast SEO plugin. -->","yoast_head_json":{"title":"Apartmaji in sobe Taj\u010dr Bovec","robots":{"index":"index","follow":"follow","max-snippet":"max-snippet:-1","max-image-preview":"max-image-preview:large","max-video-preview":"max-video-preview:-1"},"canonical":"https:\/\/apartmaji-tajcr.si\/","og_locale":"en_GB","og_type":"article","og_title":"About us - Appartments and Rooms Taj\u010dr Bovec","og_url":"https:\/\/apartmaji-tajcr.si\/","og_site_name":"Appartments and Rooms Taj\u010dr Bovec","article_modified_time":"2025-05-19T14:19:03+00:00","twitter_card":"summary_large_image","twitter_misc":{"Estimated reading time":"2 minutes"},"schema":{"@context":"https:\/\/schema.org","@graph":[{"@type":"WebPage","@id":"https:\/\/apartmaji-tajcr.si\/","url":"https:\/\/apartmaji-tajcr.si\/","name":"Apartmaji in sobe Taj\u010dr Bovec","isPartOf":{"@id":"https:\/\/apartmaji-tajcr.si\/en\/#website"},"datePublished":"2016-05-02T19:41:25+00:00","dateModified":"2025-05-19T14:19:03+00:00","description":"Apartmaji in sobe na mirni in zeleni lokaciji v neposrednji bli\u017eini centra Bovca, s pogledom na okoli\u0161ke gore, primerno za potepanja po dolini So\u010de.","breadcrumb":{"@id":"https:\/\/apartmaji-tajcr.si\/#breadcrumb"},"inLanguage":"en-GB","potentialAction":[{"@type":"ReadAction","target":["https:\/\/apartmaji-tajcr.si\/"]}]},{"@type":"BreadcrumbList","@id":"https:\/\/apartmaji-tajcr.si\/#breadcrumb","itemListElement":[{"@type":"ListItem","position":1,"name":"Home","item":"https:\/\/apartmaji-tajcr.si\/"},{"@type":"ListItem","position":2,"name":"O nas"}]},{"@type":"WebSite","@id":"https:\/\/apartmaji-tajcr.si\/en\/#website","url":"https:\/\/apartmaji-tajcr.si\/en\/","name":"Appartments and Rooms Taj\u010dr Bovec","description":"","potentialAction":[{"@type":"SearchAction","target":{"@type":"EntryPoint","urlTemplate":"https:\/\/apartmaji-tajcr.si\/en\/?s={search_term_string}"},"query-input":{"@type":"PropertyValueSpecification","valueRequired":true,"valueName":"search_term_string"}}],"inLanguage":"en-GB"}]}},"_links":{"self":[{"href":"https:\/\/apartmaji-tajcr.si\/en\/wp-json\/wp\/v2\/pages\/7","targetHints":{"allow":["GET"]}}],"collection":[{"href":"https:\/\/apartmaji-tajcr.si\/en\/wp-json\/wp\/v2\/pages"}],"about":[{"href":"https:\/\/apartmaji-tajcr.si\/en\/wp-json\/wp\/v2\/types\/page"}],"author":[{"embeddable":true,"href":"https:\/\/apartmaji-tajcr.si\/en\/wp-json\/wp\/v2\/users\/2"}],"replies":[{"embeddable":true,"href":"https:\/\/apartmaji-tajcr.si\/en\/wp-json\/wp\/v2\/comments?post=7"}],"version-history":[{"count":9,"href":"https:\/\/apartmaji-tajcr.si\/en\/wp-json\/wp\/v2\/pages\/7\/revisions"}],"predecessor-version":[{"id":632,"href":"https:\/\/apartmaji-tajcr.si\/en\/wp-json\/wp\/v2\/pages\/7\/revisions\/632"}],"wp:attachment":[{"href":"https:\/\/apartmaji-tajcr.si\/en\/wp-json\/wp\/v2\/media?parent=7"}],"curies":[{"name":"wp","href":"https:\/\/api.w.org\/{rel}","templated":true}]}}