{"id":73,"date":"2016-05-07T21:29:46","date_gmt":"2016-05-07T19:29:46","guid":{"rendered":"http:\/\/apartmaji-tajcr.si\/?page_id=73"},"modified":"2018-03-20T15:53:19","modified_gmt":"2018-03-20T14:53:19","slug":"kontakt","status":"publish","type":"page","link":"https:\/\/apartmaji-tajcr.si\/en\/kontakt\/","title":{"rendered":"Reservations"},"content":{"rendered":"<div class=\"pure-g\">\n<div class=\"pure-u-1 pure-u-md-1-2\">\n<div id=\"contact_apartments\" class=\"contact\">\n<h2>Apartmaji in Sobe Taj\u010dr <span class=\"stars\">\u2605\u2605\u2605\/\u2605\u2605\u2605\u2605<br \/>\n<\/span><\/h2>\n<div class=\"cdata\">\n<p>Po\u010ditni\u0161ko stanovanje Zor\u010d, Marija Zor\u010d sobodajalka<br \/>\nBrdo 44<br \/>\n5230 Bovec<br \/>\nSlovenija<\/p>\n<p><span id=\"protected_email1\"><b>phone<\/b>: +386 (0)5 3896 206<br \/>\n<b>fax<\/b>: +386 (0)5 3896 207<br \/>\n<b>mobile no.1<\/b>: +386 (0)31 706 111 (Slovenian, Italian, German)<br \/>\n<b>mobile no.2<\/b>: +386 (0)31 829 113 (English)<br \/>\n<b>e-mail<\/b>: <span id=\"protected_email1\"><a class=\"email\" href=\"mailto:pszorc@gmail.com\">pszorc@gmail.com<\/a><\/span><\/span><br \/>\nBanka:<br \/>\nNOVA KBM<br \/>\nKIDRI\u010cEVA 11<br \/>\n5000 NOVA GORICA<br \/>\nSlovenija<\/p>\n<p>IBAN: SI56044450226200372<br \/>\nSWIFT: KBMASI2X<\/p>\n<\/div>\n<\/div>\n<\/div>\n<div class=\"pure-u-1 pure-u-md-1-2\"><script src=\"\/\/www.bentral.com\/service\/embed\/booking.js?id=796a6b4d&#038;width=full&#038;lang=en&#038;key=9daf80d43a9b3d417cc4fca93d2840c3\"><\/script><\/div>\n<div class=\"pure-u-1 pure-u-md-1-2\">\n<div id=\"contact_sportmix\" class=\"contact\">\n<h2>Sport Mix<\/h2>\n<div class=\"cdata\">\n<p>\u0160portna agencija Sport mix<br \/>\nTrg golobarskih \u017ertev 18<\/p>\n<p><span id=\"protected_email2\"><b>mobile<\/b>: +386 (0)31 871 991<br \/>\n<b>web<\/b>: <a href=\"http:\/\/www.sportmix.si\/\" target=\"_blank\" rel=\"noopener\">www.sportmix.si<\/a><br \/>\n<b>e-mail<\/b>: <span id=\"protected_email2\"><a class=\"email\" href=\"mailto:team@sportmix.si\">team@sportmix.si<\/a><\/span><\/span><\/p>\n<\/div>\n<\/div>\n<\/div>\n<div class=\"pure-u-1 pure-u-md-1-2\"><img loading=\"lazy\" decoding=\"async\" class=\"alignnone size-full wp-image-85\" src=\"http:\/\/apartmaji-tajcr.si\/wp-content\/uploads\/2016\/05\/sportmix.png\" alt=\"sportmix\" width=\"365\" height=\"108\" srcset=\"https:\/\/apartmaji-tajcr.si\/wp-content\/uploads\/2016\/05\/sportmix.png 365w, https:\/\/apartmaji-tajcr.si\/wp-content\/uploads\/2016\/05\/sportmix-300x89.png 300w\" sizes=\"auto, (max-width: 365px) 100vw, 365px\" \/><\/div>\n<\/div>\n","protected":false},"excerpt":{"rendered":"<p>Apartmaji in Sobe Taj\u010dr \u2605\u2605\u2605\/\u2605\u2605\u2605\u2605 Po\u010ditni\u0161ko stanovanje Zor\u010d, Marija Zor\u010d sobodajalka Brdo 44 5230 Bovec Slovenija phone: +386 (0)5 3896 206 fax: +386 (0)5 3896 207 mobile no.1: +386 (0)31 706 111 (Slovenian, Italian, German) mobile no.2: +386 (0)31 829 113 (English) e-mail: pszorc@gmail.com Banka: NOVA KBM KIDRI\u010cEVA 11 5000 NOVA GORICA Slovenija IBAN: SI56044450226200372<a href='https:\/\/apartmaji-tajcr.si\/en\/kontakt\/'> &nbsp;[ &#8230; ] <\/a><\/p>\n","protected":false},"author":2,"featured_media":0,"parent":0,"menu_order":0,"comment_status":"closed","ping_status":"closed","template":"","meta":{"_acf_changed":false,"footnotes":""},"class_list":["post-73","page","type-page","status-publish","hentry"],"translation":{"provider":"WPGlobus","version":"3.0.2","language":"en","enabled_languages":["sl","en"],"languages":{"sl":{"title":true,"content":true,"excerpt":false},"en":{"title":true,"content":true,"excerpt":false}}},"acf":[],"yoast_head":"<!-- This site is optimized with the Yoast SEO plugin v27.4 - https:\/\/yoast.com\/product\/yoast-seo-wordpress\/ -->\n<title>Reservations - Appartments and Rooms Taj\u010dr Bovec<\/title>\n<meta name=\"robots\" content=\"index, follow, max-snippet:-1, max-image-preview:large, max-video-preview:-1\" \/>\n<link rel=\"canonical\" href=\"https:\/\/apartmaji-tajcr.si\/en\/kontakt\/\" \/>\n<meta property=\"og:locale\" content=\"en_GB\" \/>\n<meta property=\"og:type\" content=\"article\" \/>\n<meta property=\"og:title\" content=\"Reservations - Appartments and Rooms Taj\u010dr Bovec\" \/>\n<meta property=\"og:url\" content=\"https:\/\/apartmaji-tajcr.si\/en\/kontakt\/\" \/>\n<meta property=\"og:site_name\" content=\"Appartments and Rooms Taj\u010dr Bovec\" \/>\n<meta property=\"article:modified_time\" content=\"2018-03-20T14:53:19+00:00\" \/>\n<meta property=\"og:image\" content=\"http:\/\/apartmaji-tajcr.si\/wp-content\/uploads\/2016\/05\/sportmix.png\" \/>\n<meta name=\"twitter:card\" content=\"summary_large_image\" \/>\n<meta name=\"twitter:label1\" content=\"Estimated reading time\" \/>\n\t<meta name=\"twitter:data1\" content=\"1 minute\" \/>\n<script type=\"application\/ld+json\" class=\"yoast-schema-graph\">{\"@context\":\"https:\\\/\\\/schema.org\",\"@graph\":[{\"@type\":\"WebPage\",\"@id\":\"https:\\\/\\\/apartmaji-tajcr.si\\\/en\\\/kontakt\\\/\",\"url\":\"https:\\\/\\\/apartmaji-tajcr.si\\\/en\\\/kontakt\\\/\",\"name\":\"Reservations - Appartments and Rooms Taj\u010dr Bovec\",\"isPartOf\":{\"@id\":\"https:\\\/\\\/apartmaji-tajcr.si\\\/en\\\/#website\"},\"primaryImageOfPage\":{\"@id\":\"https:\\\/\\\/apartmaji-tajcr.si\\\/en\\\/kontakt\\\/#primaryimage\"},\"image\":{\"@id\":\"https:\\\/\\\/apartmaji-tajcr.si\\\/en\\\/kontakt\\\/#primaryimage\"},\"thumbnailUrl\":\"http:\\\/\\\/apartmaji-tajcr.si\\\/wp-content\\\/uploads\\\/2016\\\/05\\\/sportmix.png\",\"datePublished\":\"2016-05-07T19:29:46+00:00\",\"dateModified\":\"2018-03-20T14:53:19+00:00\",\"breadcrumb\":{\"@id\":\"https:\\\/\\\/apartmaji-tajcr.si\\\/en\\\/kontakt\\\/#breadcrumb\"},\"inLanguage\":\"en-GB\",\"potentialAction\":[{\"@type\":\"ReadAction\",\"target\":[\"https:\\\/\\\/apartmaji-tajcr.si\\\/en\\\/kontakt\\\/\"]}]},{\"@type\":\"ImageObject\",\"inLanguage\":\"en-GB\",\"@id\":\"https:\\\/\\\/apartmaji-tajcr.si\\\/en\\\/kontakt\\\/#primaryimage\",\"url\":\"http:\\\/\\\/apartmaji-tajcr.si\\\/wp-content\\\/uploads\\\/2016\\\/05\\\/sportmix.png\",\"contentUrl\":\"http:\\\/\\\/apartmaji-tajcr.si\\\/wp-content\\\/uploads\\\/2016\\\/05\\\/sportmix.png\"},{\"@type\":\"BreadcrumbList\",\"@id\":\"https:\\\/\\\/apartmaji-tajcr.si\\\/en\\\/kontakt\\\/#breadcrumb\",\"itemListElement\":[{\"@type\":\"ListItem\",\"position\":1,\"name\":\"Home\",\"item\":\"https:\\\/\\\/apartmaji-tajcr.si\\\/\"},{\"@type\":\"ListItem\",\"position\":2,\"name\":\"Reservations\"}]},{\"@type\":\"WebSite\",\"@id\":\"https:\\\/\\\/apartmaji-tajcr.si\\\/en\\\/#website\",\"url\":\"https:\\\/\\\/apartmaji-tajcr.si\\\/en\\\/\",\"name\":\"Appartments and Rooms Taj\u010dr Bovec\",\"description\":\"\",\"potentialAction\":[{\"@type\":\"SearchAction\",\"target\":{\"@type\":\"EntryPoint\",\"urlTemplate\":\"https:\\\/\\\/apartmaji-tajcr.si\\\/en\\\/?s={search_term_string}\"},\"query-input\":{\"@type\":\"PropertyValueSpecification\",\"valueRequired\":true,\"valueName\":\"search_term_string\"}}],\"inLanguage\":\"en-GB\"}]}<\/script>\n<!-- \/ Yoast SEO plugin. -->","yoast_head_json":{"title":"Reservations - Appartments and Rooms Taj\u010dr Bovec","robots":{"index":"index","follow":"follow","max-snippet":"max-snippet:-1","max-image-preview":"max-image-preview:large","max-video-preview":"max-video-preview:-1"},"canonical":"https:\/\/apartmaji-tajcr.si\/en\/kontakt\/","og_locale":"en_GB","og_type":"article","og_title":"Reservations - Appartments and Rooms Taj\u010dr Bovec","og_url":"https:\/\/apartmaji-tajcr.si\/en\/kontakt\/","og_site_name":"Appartments and Rooms Taj\u010dr Bovec","article_modified_time":"2018-03-20T14:53:19+00:00","og_image":[{"url":"http:\/\/apartmaji-tajcr.si\/wp-content\/uploads\/2016\/05\/sportmix.png","type":"","width":"","height":""}],"twitter_card":"summary_large_image","twitter_misc":{"Estimated reading time":"1 minute"},"schema":{"@context":"https:\/\/schema.org","@graph":[{"@type":"WebPage","@id":"https:\/\/apartmaji-tajcr.si\/en\/kontakt\/","url":"https:\/\/apartmaji-tajcr.si\/en\/kontakt\/","name":"Reservations - Appartments and Rooms Taj\u010dr Bovec","isPartOf":{"@id":"https:\/\/apartmaji-tajcr.si\/en\/#website"},"primaryImageOfPage":{"@id":"https:\/\/apartmaji-tajcr.si\/en\/kontakt\/#primaryimage"},"image":{"@id":"https:\/\/apartmaji-tajcr.si\/en\/kontakt\/#primaryimage"},"thumbnailUrl":"http:\/\/apartmaji-tajcr.si\/wp-content\/uploads\/2016\/05\/sportmix.png","datePublished":"2016-05-07T19:29:46+00:00","dateModified":"2018-03-20T14:53:19+00:00","breadcrumb":{"@id":"https:\/\/apartmaji-tajcr.si\/en\/kontakt\/#breadcrumb"},"inLanguage":"en-GB","potentialAction":[{"@type":"ReadAction","target":["https:\/\/apartmaji-tajcr.si\/en\/kontakt\/"]}]},{"@type":"ImageObject","inLanguage":"en-GB","@id":"https:\/\/apartmaji-tajcr.si\/en\/kontakt\/#primaryimage","url":"http:\/\/apartmaji-tajcr.si\/wp-content\/uploads\/2016\/05\/sportmix.png","contentUrl":"http:\/\/apartmaji-tajcr.si\/wp-content\/uploads\/2016\/05\/sportmix.png"},{"@type":"BreadcrumbList","@id":"https:\/\/apartmaji-tajcr.si\/en\/kontakt\/#breadcrumb","itemListElement":[{"@type":"ListItem","position":1,"name":"Home","item":"https:\/\/apartmaji-tajcr.si\/"},{"@type":"ListItem","position":2,"name":"Reservations"}]},{"@type":"WebSite","@id":"https:\/\/apartmaji-tajcr.si\/en\/#website","url":"https:\/\/apartmaji-tajcr.si\/en\/","name":"Appartments and Rooms Taj\u010dr Bovec","description":"","potentialAction":[{"@type":"SearchAction","target":{"@type":"EntryPoint","urlTemplate":"https:\/\/apartmaji-tajcr.si\/en\/?s={search_term_string}"},"query-input":{"@type":"PropertyValueSpecification","valueRequired":true,"valueName":"search_term_string"}}],"inLanguage":"en-GB"}]}},"_links":{"self":[{"href":"https:\/\/apartmaji-tajcr.si\/en\/wp-json\/wp\/v2\/pages\/73","targetHints":{"allow":["GET"]}}],"collection":[{"href":"https:\/\/apartmaji-tajcr.si\/en\/wp-json\/wp\/v2\/pages"}],"about":[{"href":"https:\/\/apartmaji-tajcr.si\/en\/wp-json\/wp\/v2\/types\/page"}],"author":[{"embeddable":true,"href":"https:\/\/apartmaji-tajcr.si\/en\/wp-json\/wp\/v2\/users\/2"}],"replies":[{"embeddable":true,"href":"https:\/\/apartmaji-tajcr.si\/en\/wp-json\/wp\/v2\/comments?post=73"}],"version-history":[{"count":26,"href":"https:\/\/apartmaji-tajcr.si\/en\/wp-json\/wp\/v2\/pages\/73\/revisions"}],"predecessor-version":[{"id":76,"href":"https:\/\/apartmaji-tajcr.si\/en\/wp-json\/wp\/v2\/pages\/73\/revisions\/76"}],"wp:attachment":[{"href":"https:\/\/apartmaji-tajcr.si\/en\/wp-json\/wp\/v2\/media?parent=73"}],"curies":[{"name":"wp","href":"https:\/\/api.w.org\/{rel}","templated":true}]}}